{"id":861,"date":"2017-08-02T11:41:42","date_gmt":"2017-08-02T11:41:42","guid":{"rendered":"http:\/\/dummy.xtemos.com\/woodmart\/demos\/?page_id=861"},"modified":"2025-12-10T14:15:17","modified_gmt":"2025-12-10T13:15:17","slug":"quienes-somos","status":"publish","type":"page","link":"https:\/\/hipersama.com\/index.php\/quienes-somos\/","title":{"rendered":"Qui\u00e9nes somos como distribuidora de suministros para limpieza y alimentaci\u00f3n"},"content":{"rendered":"<div class=\"wpb-content-wrapper\"><p>[vc_section full_height=\u00bbyes\u00bb content_placement=\u00bbmiddle\u00bb woodmart_bg_position=\u00bbcenter-center\u00bb woodmart_gradient_switch=\u00bbyes\u00bb css=\u00bb.vc_custom_1765371766520{padding-top: 5% !important;padding-right: 5% !important;padding-bottom: 5% !important;padding-left: 5% !important;background-image: url(http:\/\/dummy.xtemos.com\/woodmart\/demos\/wp-content\/uploads\/sites\/2\/2017\/06\/wood-main-bg.jpg?id=44) !important;background-position: center !important;background-repeat: no-repeat !important;background-size: cover !important;}\u00bb woodmart_color_gradient=\u00bbrgba(255, 255, 255, 0.9)-0\/rgba(255, 255, 255, 0)-41\/|linear-gradient(top , rgba(255, 255, 255, 0.9) , rgba(255, 255, 255, 0) 41%)|linear|top\u00bb mobile_bg_img_hidden=\u00bbno\u00bb tablet_bg_img_hidden=\u00bbno\u00bb woodmart_parallax=\u00bb0&#8243; woodmart_disable_overflow=\u00bb0&#8243;][vc_row][vc_column][vc_column_text css=\u00bb\u00bb text_larger=\u00bbno\u00bb]<\/p>\n<p style=\"text-align: center;\"><span style=\"font-weight: 400;\">Somos una distribuidora de suministros especializada en productos de limpieza y soluciones para el hogar. Atendemos a clientes y empresas con un servicio profesional y eficiente, gestionando suministros esenciales y apoyando exportaciones a mercados clave como Marruecos.<\/span><\/p>\n<p>[\/vc_column_text]\n\t\t<div id=\"wd-69396e9b6b5cf\" class=\"title-wrapper  woodmart-title-color-default woodmart-title-style-default woodmart-title-width-100 text-center woodmart-title-size-default \">\n\t\t\t\n\t\t\t<div class=\"liner-continer\">\n\t\t\t\t<span class=\"left-line\"><\/span>\n\t\t\t\t<h4 class=\"woodmart-title-container title  woodmart-font-weight-\" >Nuestra experiencia como distribuidores industriales<\/h4>\t\t\t\t\t\t\t\t<span class=\"right-line\"><\/span>\n\t\t\t<\/div>\n\t\t\t\n\t\t\t\n\t\t\t\t\t<\/div>\n\t\t\n\t\t[vc_column_text text_larger=\u00bbno\u00bb]Hipersama Distribuci\u00f3n, S.L es una empresa espa\u00f1ola dedicada al comercio internacional, principalmente a la exportaci\u00f3n a los pa\u00edses del norte de \u00c1frica. en los sectores de higiene personal, limpieza del hogar y en el sector de la alimentaci\u00f3n.<\/p>\n<p><strong>Trabajamos con las multinacionales m\u00e1s importantes del mundo:<\/strong><br \/>\n\u2022 Procter &amp; Gamble<br \/>\n\u2022 Henkel<br \/>\n\u2022 Unilever<br \/>\n\u2022 Reckitt benickaser<br \/>\n\u2022 Persan<br \/>\n\u2022 Navigator<\/p>\n<p>Nuestros almacenes est\u00e1n situados a 35 km del centro de Madrid, Concretamente dentro del Pol\u00edgono Industrial<br \/>\nLos Pradillos, una zona muy bien comunicada.<br \/>\nDisponemos de dos empresas de distribuci\u00f3n en Marruecos, una en Casablanca que abarca las zonas norte<br \/>\nY centro de Marruecos y la otra en Marrakech para la zona sur.[\/vc_column_text][\/vc_column][\/vc_row][\/vc_section][vc_row content_placement=\u00bbmiddle\u00bb woodmart_bg_position=\u00bbcenter-center\u00bb mobile_bg_img_hidden=\u00bbno\u00bb tablet_bg_img_hidden=\u00bbno\u00bb woodmart_parallax=\u00bb0&#8243; woodmart_gradient_switch=\u00bbno\u00bb row_reverse_mobile=\u00bb0&#8243; row_reverse_tablet=\u00bb0&#8243; woodmart_disable_overflow=\u00bb0&#8243;][vc_column css=\u00bb.vc_custom_1765371934226{padding-top: 2% !important;}\u00bb mobile_bg_img_hidden=\u00bbno\u00bb tablet_bg_img_hidden=\u00bbno\u00bb woodmart_parallax=\u00bb0&#8243; woodmart_sticky_column=\u00bbfalse\u00bb parallax_scroll=\u00bbno\u00bb mobile_reset_margin=\u00bbno\u00bb tablet_reset_margin=\u00bbno\u00bb][vc_images_carousel images=\u00bb3589,3590,3591,3592,3569,3595,3596,3597,3757&#8243; slides_per_view=\u00bb8&#8243; autoplay=\u00bbyes\u00bb wrap=\u00bbyes\u00bb][\/vc_column][\/vc_row]<\/p>\n<\/div>","protected":false},"excerpt":{"rendered":"<p>[vc_section full_height=\u00bbyes\u00bb content_placement=\u00bbmiddle\u00bb woodmart_bg_position=\u00bbcenter-center\u00bb woodmart_gradient_switch=\u00bbyes\u00bb css=\u00bb.vc_custom_1765371766520{padding-top: 5% !important;padding-right: 5% !important;padding-bottom: 5% !important;padding-left: 5% !important;background-image: url(http:\/\/dummy.xtemos.com\/woodmart\/demos\/wp-content\/uploads\/sites\/2\/2017\/06\/wood-main-bg.jpg?id=44) !important;background-position: center !important;background-repeat: no-repeat !important;background-size:<\/p>\n","protected":false},"author":1,"featured_media":0,"parent":0,"menu_order":0,"comment_status":"closed","ping_status":"closed","template":"","meta":[],"_links":{"self":[{"href":"https:\/\/hipersama.com\/index.php\/wp-json\/wp\/v2\/pages\/861"}],"collection":[{"href":"https:\/\/hipersama.com\/index.php\/wp-json\/wp\/v2\/pages"}],"about":[{"href":"https:\/\/hipersama.com\/index.php\/wp-json\/wp\/v2\/types\/page"}],"author":[{"embeddable":true,"href":"https:\/\/hipersama.com\/index.php\/wp-json\/wp\/v2\/users\/1"}],"replies":[{"embeddable":true,"href":"https:\/\/hipersama.com\/index.php\/wp-json\/wp\/v2\/comments?post=861"}],"version-history":[{"count":12,"href":"https:\/\/hipersama.com\/index.php\/wp-json\/wp\/v2\/pages\/861\/revisions"}],"predecessor-version":[{"id":3924,"href":"https:\/\/hipersama.com\/index.php\/wp-json\/wp\/v2\/pages\/861\/revisions\/3924"}],"wp:attachment":[{"href":"https:\/\/hipersama.com\/index.php\/wp-json\/wp\/v2\/media?parent=861"}],"curies":[{"name":"wp","href":"https:\/\/api.w.org\/{rel}","templated":true}]}}