{"id":8,"date":"2020-03-15T14:36:05","date_gmt":"2020-03-15T13:36:05","guid":{"rendered":"http:\/\/hipersama.com\/index.php\/cart\/"},"modified":"2020-03-15T14:36:05","modified_gmt":"2020-03-15T13:36:05","slug":"cart","status":"publish","type":"page","link":"https:\/\/hipersama.com\/index.php\/cart\/","title":{"rendered":"Cart"},"content":{"rendered":"<div class=\"woocommerce\"><div class=\"woocommerce-notices-wrapper\"><\/div>\t\t<p class=\"cart-empty woodmart-empty-page\">\n\t\t\tTu carrito est\u00e1 vac\u00edo.\t\t<\/p>\n\t\t<p class=\"cart-empty woocommerce-info\">Tu carrito est\u00e1 vac\u00edo.<\/p>\t\t\t\t<div class=\"woodmart-empty-page-text\">Before proceed to checkout you must add some products to your shopping cart.<br> You will find a lot of interesting products on our \"Shop\" page.<\/div>\n\t\t\t\t<p class=\"return-to-shop\">\n\t\t<a class=\"button wc-backward\" href=\"https:\/\/hipersama.com\/index.php\/shop\/\">\n\t\t\tVolver a la tienda\t\t<\/a>\n\t<\/p>\n<\/div>\n","protected":false},"excerpt":{"rendered":"Tu carrito est\u00e1 vac\u00edo. Tu carrito est\u00e1 vac\u00edo. Before proceed to checkout you must add some products to your shopping","protected":false},"author":1,"featured_media":0,"parent":0,"menu_order":0,"comment_status":"closed","ping_status":"closed","template":"","meta":[],"_links":{"self":[{"href":"https:\/\/hipersama.com\/index.php\/wp-json\/wp\/v2\/pages\/8"}],"collection":[{"href":"https:\/\/hipersama.com\/index.php\/wp-json\/wp\/v2\/pages"}],"about":[{"href":"https:\/\/hipersama.com\/index.php\/wp-json\/wp\/v2\/types\/page"}],"author":[{"embeddable":true,"href":"https:\/\/hipersama.com\/index.php\/wp-json\/wp\/v2\/users\/1"}],"replies":[{"embeddable":true,"href":"https:\/\/hipersama.com\/index.php\/wp-json\/wp\/v2\/comments?post=8"}],"version-history":[{"count":0,"href":"https:\/\/hipersama.com\/index.php\/wp-json\/wp\/v2\/pages\/8\/revisions"}],"wp:attachment":[{"href":"https:\/\/hipersama.com\/index.php\/wp-json\/wp\/v2\/media?parent=8"}],"curies":[{"name":"wp","href":"https:\/\/api.w.org\/{rel}","templated":true}]}}