{"id":646,"date":"2017-06-26T14:07:05","date_gmt":"2017-06-26T14:07:05","guid":{"rendered":"http:\/\/dummy.xtemos.com\/woodmart\/demos\/?page_id=646"},"modified":"2025-12-04T17:48:05","modified_gmt":"2025-12-04T16:48:05","slug":"contactenos","status":"publish","type":"page","link":"https:\/\/hipersama.com\/index.php\/contactenos\/","title":{"rendered":"CONTACTENOS"},"content":{"rendered":"<div class=\"wpb-content-wrapper\"><p>[vc_row full_width=\u00bbstretch_row_content\u00bb css_animation=\u00bbnone\u00bb css=\u00bb.vc_custom_1592305233188{margin-top: -40px !important;margin-bottom: 8vh !important;}\u00bb mobile_bg_img_hidden=\u00bbno\u00bb tablet_bg_img_hidden=\u00bbno\u00bb woodmart_parallax=\u00bb0&#8243; woodmart_gradient_switch=\u00bbno\u00bb row_reverse_mobile=\u00bb0&#8243; row_reverse_tablet=\u00bb0&#8243; woodmart_disable_overflow=\u00bb0&#8243;][vc_column width=\u00bb2\/3&#8243;]\n\t\t<div id=\"wd-6931b8f561aed\" class=\"title-wrapper  woodmart-title-color-default woodmart-title-style-default woodmart-title-width-100 text-left woodmart-title-size-medium \">\n\t\t\t\n\t\t\t<div class=\"liner-continer\">\n\t\t\t\t<span class=\"left-line\"><\/span>\n\t\t\t\t<h1 class=\"woodmart-title-container title  woodmart-font-weight-\" >Hablemos de exportaciones a Marruecos, \u00a1cont\u00e1ctenos!<\/h1>\t\t\t\t\t\t\t\t<span class=\"right-line\"><\/span>\n\t\t\t<\/div>\n\t\t\t\n\t\t\t\t\t\t\t<div class=\"title-after_title\">Al contactarnos, tendr\u00e1 acceso a una atenci\u00f3n personalizada y soluciones r\u00e1pidas para su negocio. \nOfrecemos exportaci\u00f3n a Marruecos eficiente, productos de alta calidad y asesor\u00eda experta. Simplificamos el proceso de distribuci\u00f3n para que su empresa crezca sin complicaciones. \n\u00a1Estamos listos para ayudarle a optimizar su comercio!<\/div>\n\t\t\t\n\t\t\t\t\t<\/div>\n\t\t\n\t\t[vc_single_image image=\u00bb3418&#8243; img_size=\u00bbfull\u00bb alignment=\u00bbcenter\u00bb parallax_scroll=\u00bbno\u00bb]\n\t\t<div id=\"wd-6931bb33c4f79\" class=\"title-wrapper  woodmart-title-color-default woodmart-title-style-default woodmart-title-width-100 text-left woodmart-title-size-default \">\n\t\t\t\n\t\t\t<div class=\"liner-continer\">\n\t\t\t\t<span class=\"left-line\"><\/span>\n\t\t\t\t<h2 class=\"woodmart-title-container title  woodmart-font-weight-\" >Hacemos crecer empresas espa\u00f1olas en \u00c1frica<br \/>\nObtenga asesor\u00eda hoy<br \/>\n<\/h2>\t\t\t\t\t\t\t\t<span class=\"right-line\"><\/span>\n\t\t\t<\/div>\n\t\t\t\n\t\t\t\n\t\t\t\t\t<\/div>\n\t\t\n\t\t[vc_column_text css=\u00bb\u00bb text_larger=\u00bbno\u00bb]<span style=\"font-weight: 400;\">\u00bfSu empresa necesita suministros industriales confiables? En Hiper Sama le ofrecemos soluciones personalizadas para su negocio.<\/span><\/p>\n<ul>\n<li style=\"font-weight: 400;\" aria-level=\"1\"><span style=\"font-weight: 400;\">Productos de alta calidad para limpieza y sector alimentario.<\/span><\/li>\n<li style=\"font-weight: 400;\" aria-level=\"1\"><span style=\"font-weight: 400;\">Distribuci\u00f3n r\u00e1pida en Espa\u00f1a y Marruecos-Casablanca.<\/span><\/li>\n<li style=\"font-weight: 400;\" aria-level=\"1\"><span style=\"font-weight: 400;\">Optimice sus operaciones con nuestros suministros industriales.<\/span><\/li>\n<li style=\"font-weight: 400;\" aria-level=\"1\"><span style=\"font-weight: 400;\">Asesor\u00eda personalizada para encontrar las mejores soluciones.<\/span><\/li>\n<\/ul>\n<p><span style=\"font-weight: 400;\">Cont\u00e1ctenos hoy mismo para obtener el apoyo que su empresa necesita. Nuestro equipo est\u00e1 listo para ayudarle a mejorar sus procesos y brindarle un servicio excepcional. \u00a1Hagamos crecer su negocio juntos!<\/span>[\/vc_column_text][\/vc_column][vc_column width=\u00bb1\/3&#8243;]\t\t\t<div class=\"info-box-wrapper \">\n\t\t\t\t<div id=\"wd-6931b94776152\" class=\" woodmart-info-box text-center box-icon-align-left box-style- color-scheme- woodmart-bg-none box-title-default with-btn box-btn-static vc_custom_1764866387330\"  >\n\t\t\t\t\t\t\t\t\t\t<div class=\"info-box-content\">\n\t\t\t\t\t\t<div class=\"info-box-subtitle subtitle-color-default subtitle-style-default woodmart-font-weight-\">OUR STORES<\/div><h2 class=\"info-box-title woodmart-font-weight- box-title-style-default\">VISITA NUESTRAS INSTALACIONES<\/h2>\t\t\t\t\t\t<div class=\"info-box-inner reset-mb-10\">\n\t\t\t\t\t\t\t<p>Hiper Sama Distribuci\u00f3n, s.l.<\/p>\n<p>Pol. ind. Los pradillos<\/p>\n<p>Parcela 4, Num:4<\/p>\n<p>45200 Illescas \u2013 Toledo<\/p>\n<p>Tel\u00e9fono:<\/p>\n<p>(+34) 925 54 58 51<\/p>\n<p>M\u00f3vil:<\/p>\n<p>(+34) 642 55 99 07<\/p>\n<p>E-mail: said.ait@hipersama.com<\/p>\n\t\t\t\t\t\t<\/div>\n\n\t\t\t\t\t\t<div class=\"info-btn-wrapper\"><div id=\"wd-69e79b6c60737\" class=\"woodmart-button-wrapper text-center\"><a  class=\"btn btn-color-default btn-style-link btn-shape-rectangle btn-size-default\">Ver m\u00e1s sobre<\/a><\/div><\/div>\t\t\t\t\t\t\n\t\t\t\t\t<\/div>\n\n\t\t\t\t\t\t\t\t\t<\/div>\n\t\t\t<\/div>\n\t\t[\/vc_column][\/vc_row][vc_row][vc_column]\n\t\t<div id=\"wd-6931b95ece045\" class=\"title-wrapper  woodmart-title-color-default woodmart-title-style-default woodmart-title-width-100 text-left woodmart-title-size-default \">\n\t\t\t\t\t\t\t<div class=\"title-subtitle  font-default subtitle-style-default woodmart-font-weight-\">INFORMACI\u00d3N SOBRE NOSOTROS<\/div>\n\t\t\t\n\t\t\t<div class=\"liner-continer\">\n\t\t\t\t<span class=\"left-line\"><\/span>\n\t\t\t\t<h2 class=\"woodmart-title-container title  woodmart-font-weight-\" >Ahorre tiempo y dinero. Solicite los mejores suministros para su empresa. \u00a1Cont\u00e1ctenos rellenando el formulario!<\/h2>\t\t\t\t\t\t\t\t<span class=\"right-line\"><\/span>\n\t\t\t<\/div>\n\t\t\t\n\t\t\t\n\t\t\t\t\t<\/div>\n\t\t\n\t\t<div role=\"form\" class=\"wpcf7\" id=\"wpcf7-f608-o1\" lang=\"en-US\" dir=\"ltr\">\n<div class=\"screen-reader-response\"><\/div>\n<form action=\"\/index.php\/wp-json\/wp\/v2\/pages\/646#wpcf7-f608-o1\" method=\"post\" class=\"wpcf7-form\" novalidate=\"novalidate\">\n<div style=\"display: none;\">\n<input type=\"hidden\" name=\"_wpcf7\" value=\"608\" \/>\n<input type=\"hidden\" name=\"_wpcf7_version\" value=\"5.1.7\" \/>\n<input type=\"hidden\" name=\"_wpcf7_locale\" value=\"en_US\" \/>\n<input type=\"hidden\" name=\"_wpcf7_unit_tag\" value=\"wpcf7-f608-o1\" \/>\n<input type=\"hidden\" name=\"_wpcf7_container_post\" value=\"0\" \/>\n<\/div>\n<div class=\"row\">\n<div class=\"col-md-6\" style='margin-bottom:20px;'><label>Nombre.<\/label><span class=\"wpcf7-form-control-wrap your-name\"><input type=\"text\" name=\"your-name\" value=\"\" size=\"40\" class=\"wpcf7-form-control wpcf7-text wpcf7-validates-as-required\" aria-required=\"true\" aria-invalid=\"false\" \/><\/span><\/div>\n<div class=\"col-md-6\" style='margin-bottom:20px;'><label>Tu correo electr\u00f3nico<\/label><span class=\"wpcf7-form-control-wrap your-email\"><input type=\"email\" name=\"your-email\" value=\"\" size=\"40\" class=\"wpcf7-form-control wpcf7-text wpcf7-email wpcf7-validates-as-required wpcf7-validates-as-email\" aria-required=\"true\" aria-invalid=\"false\" \/><\/span><\/div>\n<\/div>\n<div class=\"row\">\n<div class=\"col-md-6\" style='margin-bottom:20px;'><label>N\u00famero de tel\u00e9fono <\/label><span class=\"wpcf7-form-control-wrap tel-767\"><input type=\"tel\" name=\"tel-767\" value=\"\" size=\"40\" class=\"wpcf7-form-control wpcf7-text wpcf7-tel wpcf7-validates-as-required wpcf7-validates-as-tel\" aria-required=\"true\" aria-invalid=\"false\" \/><\/span><\/div>\n<div class=\"col-md-6\" style='margin-bottom:20px;'><label>Compa\u00f1\u00eda <\/label><span class=\"wpcf7-form-control-wrap text-1\"><input type=\"text\" name=\"text-1\" value=\"\" size=\"40\" class=\"wpcf7-form-control wpcf7-text\" aria-invalid=\"false\" \/><\/span><\/div>\n<\/div>\n<p><label>Tu mensaje <\/label><span class=\"wpcf7-form-control-wrap your-message\"><textarea name=\"your-message\" cols=\"40\" rows=\"10\" class=\"wpcf7-form-control wpcf7-textarea\" aria-invalid=\"false\"><\/textarea><\/span><\/p>\n<p><input type=\"submit\" value=\"Hacer una pregunta\" class=\"wpcf7-form-control wpcf7-submit btn-color-black\" \/><\/p>\n<div class=\"wpcf7-response-output wpcf7-display-none\"><\/div><\/form><\/div>[\/vc_column][\/vc_row]<\/p>\n<\/div>","protected":false},"excerpt":{"rendered":"<p>[vc_row full_width=\u00bbstretch_row_content\u00bb css_animation=\u00bbnone\u00bb css=\u00bb.vc_custom_1592305233188{margin-top: -40px !important;margin-bottom: 8vh !important;}\u00bb mobile_bg_img_hidden=\u00bbno\u00bb tablet_bg_img_hidden=\u00bbno\u00bb woodmart_parallax=\u00bb0&#8243; woodmart_gradient_switch=\u00bbno\u00bb row_reverse_mobile=\u00bb0&#8243; row_reverse_tablet=\u00bb0&#8243; woodmart_disable_overflow=\u00bb0&#8243;][vc_column width=\u00bb2\/3&#8243;][vc_single_image image=\u00bb3418&#8243; img_size=\u00bbfull\u00bb alignment=\u00bbcenter\u00bb parallax_scroll=\u00bbno\u00bb][vc_column_text<\/p>\n","protected":false},"author":1,"featured_media":0,"parent":0,"menu_order":0,"comment_status":"closed","ping_status":"closed","template":"","meta":[],"_links":{"self":[{"href":"https:\/\/hipersama.com\/index.php\/wp-json\/wp\/v2\/pages\/646"}],"collection":[{"href":"https:\/\/hipersama.com\/index.php\/wp-json\/wp\/v2\/pages"}],"about":[{"href":"https:\/\/hipersama.com\/index.php\/wp-json\/wp\/v2\/types\/page"}],"author":[{"embeddable":true,"href":"https:\/\/hipersama.com\/index.php\/wp-json\/wp\/v2\/users\/1"}],"replies":[{"embeddable":true,"href":"https:\/\/hipersama.com\/index.php\/wp-json\/wp\/v2\/comments?post=646"}],"version-history":[{"count":17,"href":"https:\/\/hipersama.com\/index.php\/wp-json\/wp\/v2\/pages\/646\/revisions"}],"predecessor-version":[{"id":3916,"href":"https:\/\/hipersama.com\/index.php\/wp-json\/wp\/v2\/pages\/646\/revisions\/3916"}],"wp:attachment":[{"href":"https:\/\/hipersama.com\/index.php\/wp-json\/wp\/v2\/media?parent=646"}],"curies":[{"name":"wp","href":"https:\/\/api.w.org\/{rel}","templated":true}]}}